{"id":1864,"date":"2025-07-17T11:55:24","date_gmt":"2025-07-17T11:55:24","guid":{"rendered":"https:\/\/gruby.blog\/?page_id=1864"},"modified":"2025-07-17T12:40:57","modified_gmt":"2025-07-17T12:40:57","slug":"start","status":"publish","type":"page","link":"https:\/\/gruby.blog\/","title":{"rendered":"WYBIERZ INTERESUJ\u0104C\u0104 KATEGORI\u0118 Z MENU\ud83d\udc4c"},"content":{"rendered":"\n<p><\/p>\n\n\n\n<p><\/p>\n","protected":false},"excerpt":{"rendered":"","protected":false},"author":1,"featured_media":0,"parent":0,"menu_order":0,"comment_status":"closed","ping_status":"closed","template":"","meta":{"footnotes":""},"class_list":["post-1864","page","type-page","status-publish","hentry"],"_links":{"self":[{"href":"https:\/\/gruby.blog\/index.php\/wp-json\/wp\/v2\/pages\/1864","targetHints":{"allow":["GET"]}}],"collection":[{"href":"https:\/\/gruby.blog\/index.php\/wp-json\/wp\/v2\/pages"}],"about":[{"href":"https:\/\/gruby.blog\/index.php\/wp-json\/wp\/v2\/types\/page"}],"author":[{"embeddable":true,"href":"https:\/\/gruby.blog\/index.php\/wp-json\/wp\/v2\/users\/1"}],"replies":[{"embeddable":true,"href":"https:\/\/gruby.blog\/index.php\/wp-json\/wp\/v2\/comments?post=1864"}],"version-history":[{"count":6,"href":"https:\/\/gruby.blog\/index.php\/wp-json\/wp\/v2\/pages\/1864\/revisions"}],"predecessor-version":[{"id":1880,"href":"https:\/\/gruby.blog\/index.php\/wp-json\/wp\/v2\/pages\/1864\/revisions\/1880"}],"wp:attachment":[{"href":"https:\/\/gruby.blog\/index.php\/wp-json\/wp\/v2\/media?parent=1864"}],"curies":[{"name":"wp","href":"https:\/\/api.w.org\/{rel}","templated":true}]}}